{"id":55048,"date":"2019-06-13T12:13:02","date_gmt":"2019-06-13T11:13:02","guid":{"rendered":"https:\/\/handy-games.com\/junior-pr-manager-w-m-d\/"},"modified":"2022-10-14T12:25:46","modified_gmt":"2022-10-14T11:25:46","slug":"pr-manager","status":"publish","type":"page","link":"https:\/\/www.handy-games.com\/de\/karriere\/pr-manager\/","title":{"rendered":"PR Manager (w\/m\/d)"},"content":{"rendered":"[vc_row type=&#8220;full_width_background&#8220; full_screen_row_position=&#8220;middle&#8220; column_margin=&#8220;default&#8220; column_direction=&#8220;default&#8220; column_direction_tablet=&#8220;default&#8220; column_direction_phone=&#8220;default&#8220; scene_position=&#8220;center&#8220; text_color=&#8220;light&#8220; text_align=&#8220;left&#8220; row_border_radius=&#8220;none&#8220; row_border_radius_applies=&#8220;bg&#8220; id=&#8220;pr-manager&#8220; row_name=&#8220;PR Manager&#8220; overlay_strength=&#8220;0.3&#8243; gradient_direction=&#8220;left_to_right&#8220; shape_divider_position=&#8220;bottom&#8220; bg_image_animation=&#8220;none&#8220; shape_type=&#8220;&#8220;][vc_column column_padding=&#8220;no-extra-padding&#8220; column_padding_tablet=&#8220;inherit&#8220; column_padding_phone=&#8220;inherit&#8220; column_padding_position=&#8220;all&#8220; background_color_opacity=&#8220;1&#8243; background_hover_color_opacity=&#8220;1&#8243; column_shadow=&#8220;none&#8220; column_border_radius=&#8220;none&#8220; column_link_target=&#8220;_self&#8220; gradient_direction=&#8220;left_to_right&#8220; overlay_strength=&#8220;0.3&#8243; width=&#8220;1\/1&#8243; tablet_width_inherit=&#8220;default&#8220; tablet_text_alignment=&#8220;default&#8220; phone_text_alignment=&#8220;default&#8220; column_border_width=&#8220;none&#8220; column_border_style=&#8220;solid&#8220; bg_image_animation=&#8220;none&#8220;]<style type=\"text\/css\">#nectar-slider-instance-1, #nectar-slider-instance-1 .swiper-container { min-height: 650px; } <\/style><div  data-transition=\"fade\" data-overall_style=\"classic\" data-flexible-height=\"true\" data-animate-in-effect=\"none\" data-fullscreen=\"true\" data-button-sizing=\"regular\" data-button-styling=\"btn_with_count\" data-autorotate=\"6000\" data-parallax=\"false\" data-parallax-disable-mobile=\"\" data-caption-trans=\"fade_in_from_bottom\" data-parallax-style=\"bg_only\" data-bg-animation=\"none\" data-full-width=\"true\" class=\"nectar-slider-wrap \" id=\"nectar-slider-instance-1\"><div class=\"swiper-container\"  data-tho=\"auto\" data-tco=\"auto\" data-pho=\"auto\" data-pco=\"auto\" data-loop=\"true\" data-height=\"650\" data-min-height=\"650\" data-arrows=\"false\" data-bullets=\"true\" data-bullet_style=\"see_through\" data-bullet_position=\"bottom\" data-desktop-swipe=\"true\" data-settings=\"\"> <div class=\"swiper-wrapper\"><div class=\"swiper-slide\" data-desktop-content-width=\"auto\" data-tablet-content-width=\"auto\" data-bg-alignment=\"center\" data-color-scheme=\"light\" data-x-pos=\"left\" data-y-pos=\"middle\" ><div class=\"slide-bg-wrap\"><div class=\"image-bg\" style=\"background-image: url(https:\/\/www.handy-games.com\/wp-content\/uploads\/2019\/06\/Job-JrPRManager_2560x1440.jpg);\"> &nbsp; <\/div><\/div><div class=\"container\">\n\t\t\t\t\t\t<div class=\"content\"><h2 class=\"ns-heading-el\">PR Manager  (w\/m\/d)<\/h2><div class=\"buttons\"><div class=\"button transparent_2\">\n\t\t\t\t\t\t\t\t\t\t <a class=\"primary-color\" href=\"https:\/\/handy-games.com\/de\/karriere\/pr-manager\/#description\">Weiter lesen!<\/a>\n\t\t\t\t\t\t\t\t\t\t<\/div><\/div><\/div>\n\t\t\t\t\t\t\t\t<\/div><!--\/container--><a href=\"#\" class=\"slider-down-arrow\"><i class=\"icon-salient-down-arrow icon-default-style\"> <span class=\"ie-fix\"><\/span> <\/i><\/a><div class=\"video-texture active_texture\"> <span class=\"ie-fix\"><\/span> <\/div><\/div> <!--\/swiper-slide--><\/div><div class=\"nectar-slider-loading \"> <span class=\"loading-icon spin\">   <\/span> <\/div> <\/div> \n\t\t\t\t\t\n\t\t\t\t\t<\/div>[\/vc_column][\/vc_row][vc_row type=&#8220;full_width_background&#8220; full_screen_row_position=&#8220;middle&#8220; column_margin=&#8220;default&#8220; column_direction=&#8220;default&#8220; column_direction_tablet=&#8220;default&#8220; column_direction_phone=&#8220;default&#8220; scene_position=&#8220;center&#8220; text_color=&#8220;dark&#8220; text_align=&#8220;left&#8220; row_border_radius=&#8220;none&#8220; row_border_radius_applies=&#8220;bg&#8220; id=&#8220;description&#8220; row_name=&#8220;Stellenbeschreibung&#8220; overlay_strength=&#8220;0.3&#8243; gradient_direction=&#8220;left_to_right&#8220; shape_divider_position=&#8220;bottom&#8220; bg_image_animation=&#8220;none&#8220; shape_type=&#8220;&#8220;][vc_column column_padding=&#8220;no-extra-padding&#8220; column_padding_tablet=&#8220;inherit&#8220; column_padding_phone=&#8220;inherit&#8220; column_padding_position=&#8220;all&#8220; background_color_opacity=&#8220;1&#8243; background_hover_color_opacity=&#8220;1&#8243; column_shadow=&#8220;none&#8220; column_border_radius=&#8220;none&#8220; column_link_target=&#8220;_self&#8220; gradient_direction=&#8220;left_to_right&#8220; overlay_strength=&#8220;0.3&#8243; width=&#8220;1\/1&#8243; tablet_width_inherit=&#8220;default&#8220; tablet_text_alignment=&#8220;default&#8220; phone_text_alignment=&#8220;default&#8220; column_border_width=&#8220;none&#8220; column_border_style=&#8220;solid&#8220; bg_image_animation=&#8220;none&#8220;][divider line_type=&#8220;No Line&#8220; custom_height=&#8220;60&#8243;][vc_row_inner column_margin=&#8220;default&#8220; column_direction=&#8220;default&#8220; column_direction_tablet=&#8220;default&#8220; column_direction_phone=&#8220;default&#8220; text_align=&#8220;left&#8220;][vc_column_inner column_padding=&#8220;no-extra-padding&#8220; column_padding_tablet=&#8220;inherit&#8220; column_padding_phone=&#8220;inherit&#8220; column_padding_position=&#8220;all&#8220; background_color_opacity=&#8220;1&#8243; background_hover_color_opacity=&#8220;1&#8243; column_shadow=&#8220;none&#8220; column_border_radius=&#8220;none&#8220; column_link_target=&#8220;_self&#8220; gradient_direction=&#8220;left_to_right&#8220; overlay_strength=&#8220;0.3&#8243; width=&#8220;1\/1&#8243; tablet_width_inherit=&#8220;default&#8220; column_border_width=&#8220;none&#8220; column_border_style=&#8220;solid&#8220; bg_image_animation=&#8220;none&#8220;][vc_column_text]\n<h3 style=\"text-align: left;\">PR Manager (w\/m\/d)<\/h3>\n[\/vc_column_text][divider line_type=&#8220;No Line&#8220; custom_height=&#8220;10&#8243;][vc_column_text]HandyGames\u2122 ist Teil der <strong>THQ Nordic<\/strong> und <strong>Embracer Group<\/strong> Family und agiert als internationaler Publisher und Entwickler f\u00fcr ein weltweites Publikum.<br \/>\nHandyGames\u2122 sucht genau dich! Games sind deine Leidenschaft! Du willst alles daf\u00fcr geben, einen super-wichtigen Job in der wohl abgefahrensten aller Branchen zu ergattern? Dann trage zum Erfolg von HandyGames\u2122 bei und nutze die Chance, einen renommierten Publisher noch erfolgreicher zu machen! Wir suchen f\u00fcr unseren Hauptsitz in Giebelstadt einen <strong>PR Manager Games (w\/m\/d)<\/strong>.[\/vc_column_text][divider line_type=&#8220;No Line&#8220; custom_height=&#8220;24&#8243;]<div class=\"templatera_shortcode\">\n\t\t<div id=\"fws_69df785258fe6\"  data-column-margin=\"default\" data-midnight=\"dark\"  class=\"wpb_row vc_row-fluid vc_row\"  style=\"padding-top: 0px; padding-bottom: 0px; \"><div class=\"row-bg-wrap\" data-bg-animation=\"none\" data-bg-animation-delay=\"\" data-bg-overlay=\"false\"><div class=\"inner-wrap row-bg-layer\" ><div class=\"row-bg viewport-desktop\"  style=\"\"><\/div><\/div><\/div><div class=\"row_col_wrap_12 col span_12 dark left\">\n\t<div  class=\"vc_col-sm-12 wpb_column column_container vc_column_container col no-extra-padding inherit_tablet inherit_phone \"  data-padding-pos=\"all\" data-has-bg-color=\"false\" data-bg-color=\"\" data-bg-opacity=\"1\" data-animation=\"\" data-delay=\"0\" >\n\t\t<div class=\"vc_column-inner\" >\n\t\t\t<div class=\"wpb_wrapper\">\n\t\t\t\t<div class=\"iwithtext\"><div class=\"iwt-icon\"> <i class=\"icon-default-style fa fa-exclamation-triangle accent-color\"><\/i> <\/div><div class=\"iwt-text\"> Bitte sende uns keine komprimierten Dateien (ZIP\/RAR\/etc.), Word\/Excel Dokumente (doc, docx, xlsx) oder Links. Wir nehmen ausschlie\u00dflich PDF Dateien an! Vielen Dank.\r\n\r\n<span data-contrast=\"auto\">Wir verarbeiten personenbezogene Daten in \u00dcbereinstimmung mit unserer Datenschutzerkl\u00e4rung f\u00fcr Bewerber:innen.<\/span> <\/div><div class=\"clear\"><\/div><\/div>\n\t\t\t<\/div> \n\t\t<\/div>\n\t<\/div> \n<\/div><\/div><\/div>[vc_column_text]Bitte lies unsere <a href=\"https:\/\/www.handy-games.com\/en\/privacy-policy-jobs\/\">DATENSCHUTZERKL\u00c4RUNG<\/a>[\/vc_column_text][divider line_type=&#8220;No Line&#8220; custom_height=&#8220;10&#8243;][nectar_btn size=&#8220;medium&#8220; button_style=&#8220;see-through-2&#8243; hover_text_color_override=&#8220;#ffffff&#8220; icon_family=&#8220;fontawesome&#8220; url=&#8220;mailto:jobs@handy-games.com?subject=Bewerbung als PR Manager:in&#8220; text=&#8220;Jetzt Bewerben!&#8220; margin_right=&#8220;20&#8243; icon_fontawesome=&#8220;fa fa-arrow-right&#8220;][nectar_btn size=&#8220;medium&#8220; button_style=&#8220;see-through-2&#8243; hover_text_color_override=&#8220;#ffffff&#8220; icon_family=&#8220;fontawesome&#8220; url=&#8220;https:\/\/handy-games.com\/de\/karriere\/&#8220; text=&#8220;Zur\u00fcck zu allen Jobs&#8220; icon_fontawesome=&#8220;fa fa-arrow-left&#8220;][\/vc_column_inner][\/vc_row_inner][vc_row_inner column_margin=&#8220;default&#8220; column_direction=&#8220;default&#8220; column_direction_tablet=&#8220;default&#8220; column_direction_phone=&#8220;default&#8220; text_align=&#8220;left&#8220;][vc_column_inner column_padding=&#8220;no-extra-padding&#8220; column_padding_tablet=&#8220;inherit&#8220; column_padding_phone=&#8220;inherit&#8220; column_padding_position=&#8220;right&#8220; background_color_opacity=&#8220;1&#8243; background_hover_color_opacity=&#8220;1&#8243; column_shadow=&#8220;none&#8220; column_border_radius=&#8220;none&#8220; column_link_target=&#8220;_self&#8220; gradient_direction=&#8220;left_to_right&#8220; overlay_strength=&#8220;0.3&#8243; width=&#8220;1\/3&#8243; tablet_width_inherit=&#8220;default&#8220; column_border_width=&#8220;none&#8220; column_border_style=&#8220;solid&#8220; bg_image_animation=&#8220;none&#8220;][vc_column_text]\n<h4 class=\"sectional-content-heading alt\"><span style=\"color: #6f93b5;\">Deine Aufgaben<br \/>\n<\/span><\/h4>\n[\/vc_column_text][divider line_type=&#8220;No Line&#8220; custom_height=&#8220;0&#8243;]<div class=\"nectar-fancy-ul\" data-list-icon=\"fa fa-check\" data-animation=\"false\" data-animation-delay=\"0\" data-color=\"accent-color\" data-spacing=\"default\" data-alignment=\"left\"> \n<ul>\n<li>Ganzheitliche Betreuung der \u00d6ffentlichkeits- und Pressearbeit<\/li>\n<li>Netzwerkpflege und -erweiterung unserer nationalen und internationalen Kontakte im Print-, Online- und Social Media Bereich<\/li>\n<li>Enge Zusammenarbeit mit Presseagenturen<\/li>\n<li>Au\u00dfendarstellung unserer Corporate Identity<\/li>\n<li>Selbstst\u00e4ndige Entwicklung, Planung, Koordination, Durchf\u00fchrung und Kontrolle von Kommunikations- und Social Media Konzepten sowie Marketing-Kampagnen<\/li>\n<li>Selbst\u00e4ndige, konzeptionelle Projektsteuerung und Prozessmanagement von au\u00dfergew\u00f6hnlichen Events und Messen sowie die Betreuung vor Ort<\/li>\n<li>Erarbeitung von Kampagnen-Texten und Key Messages in Kooperation mit dem Marketing- und Producerteam<\/li>\n<li>Integrierte Story-Konzeption und Content-Erstellung \u00fcber s\u00e4mtliche Kommunikationskan\u00e4le<\/li>\n<li>Monitoring und Analyse der Performances der durchgef\u00fchrten Ma\u00dfnahmen<\/li>\n<li>Gemeinsame F\u00fchrung und Weiterentwicklung von Mitarbeiter:innen<\/li>\n<li>Budgetkontrolle und -verantwortung<\/li>\n<\/ul>\n <\/div>[divider line_type=&#8220;No Line&#8220; custom_height=&#8220;20&#8243;][\/vc_column_inner][vc_column_inner column_padding=&#8220;no-extra-padding&#8220; column_padding_tablet=&#8220;inherit&#8220; column_padding_phone=&#8220;inherit&#8220; column_padding_position=&#8220;left-right&#8220; background_color_opacity=&#8220;1&#8243; background_hover_color_opacity=&#8220;1&#8243; column_shadow=&#8220;none&#8220; column_border_radius=&#8220;none&#8220; column_link_target=&#8220;_self&#8220; gradient_direction=&#8220;left_to_right&#8220; overlay_strength=&#8220;0.3&#8243; width=&#8220;1\/3&#8243; tablet_width_inherit=&#8220;default&#8220; column_border_width=&#8220;none&#8220; column_border_style=&#8220;solid&#8220; bg_image_animation=&#8220;none&#8220;][vc_column_text]\n<h4><span style=\"color: #6f93b5;\">Dein Profil<br \/>\n<\/span><\/h4>\n[\/vc_column_text][divider line_type=&#8220;No Line&#8220; custom_height=&#8220;0&#8243;]<div class=\"nectar-fancy-ul\" data-list-icon=\"fa fa-check\" data-animation=\"false\" data-animation-delay=\"0\" data-color=\"accent-color\" data-spacing=\"default\" data-alignment=\"left\"> \n<ul>\n<li>Mindestens 5 Jahre PR- und Agenturerfahrung, idealerweise in der Gaming-Branche<\/li>\n<li>Ausgezeichnete F\u00e4higkeiten in der Strategieentwicklung und im Projektmanagement<\/li>\n<li>Exzellente Kommunikation und \u00fcberzeugendes Auftreten<\/li>\n<li>Umfassende Erfahrung in der strukturierten Steuerung von Prozessen und Teams<\/li>\n<li>Innovationsf\u00e4higkeit, Eigeninitiative und Kreativit\u00e4t sowie Interesse an aktuellen Kommunikationstrends<\/li>\n<li>Zielorientierte, analytische und strukturierte Pers\u00f6nlichkeit mit Hands-on-Mentalit\u00e4t<\/li>\n<li>Kontaktfreudigkeit, Teamgeist und Belastbarkeit<\/li>\n<li>Internationale Kontakte zu relevanten Medien, Journalist:innen, Blogger:innen und Influencer:innen<\/li>\n<li>Reisebereitschaft<\/li>\n<li>Flie\u00dfende Deutsch- und sehr gute Englischkenntnisse in Wort und Schrift<\/li>\n<\/ul>\n <\/div>[divider line_type=&#8220;No Line&#8220; custom_height=&#8220;20&#8243;][\/vc_column_inner][vc_column_inner column_padding=&#8220;no-extra-padding&#8220; column_padding_tablet=&#8220;inherit&#8220; column_padding_phone=&#8220;inherit&#8220; column_padding_position=&#8220;left&#8220; background_color_opacity=&#8220;1&#8243; background_hover_color_opacity=&#8220;1&#8243; column_shadow=&#8220;none&#8220; column_border_radius=&#8220;none&#8220; column_link_target=&#8220;_self&#8220; gradient_direction=&#8220;left_to_right&#8220; overlay_strength=&#8220;0.3&#8243; width=&#8220;1\/3&#8243; tablet_width_inherit=&#8220;default&#8220; column_border_width=&#8220;none&#8220; column_border_style=&#8220;solid&#8220; bg_image_animation=&#8220;none&#8220;][vc_column_text]\n<h4><span style=\"color: #6f93b5;\">HandyGames\u2122 bietet Dir<\/span><\/h4>\n[\/vc_column_text][divider line_type=&#8220;No Line&#8220; custom_height=&#8220;0&#8243;]<div class=\"nectar-fancy-ul\" data-list-icon=\"fa fa-check\" data-animation=\"false\" data-animation-delay=\"0\" data-color=\"accent-color\" data-spacing=\"default\" data-alignment=\"left\"> \n<ul>\n<li>40-Stunden-Woche dank \u201cScrum\u201d &#8211; mit flexiblen Arbeitszeiten<\/li>\n<li>30 Tage bezahlter Urlaub<\/li>\n<li>Kurze, schnelle Entscheidungsprozesse dank flacher Hierarchien<\/li>\n<li>M\u00f6glichkeit, in einem Team mit erfahrenen Profis zu arbeiten<\/li>\n<li>Moderne Arbeitspl\u00e4tze ausgestattet mit der neuesten Technologie<\/li>\n<li>Fortbildungsm\u00f6glichkeiten<\/li>\n<li>Sympathische Kolleg:innen<\/li>\n<li>Hauseigenes Fitnessstudio<\/li>\n<li>Firmenapartment (auf Anfrage)<\/li>\n<li>Ladestation f\u00fcr Elektroautos<\/li>\n<li>Kostenlose Getr\u00e4nke, Snacks und Obst<\/li>\n<li>&#8230;UND NOCH VIEL MEHR!<\/li>\n<\/ul>\n <\/div>[\/vc_column_inner][\/vc_row_inner][\/vc_column][\/vc_row]\n","protected":false},"excerpt":{"rendered":"","protected":false},"author":3,"featured_media":0,"parent":57833,"menu_order":0,"comment_status":"closed","ping_status":"closed","template":"","meta":[],"yoast_head":"<!-- This site is optimized with the Yoast SEO plugin v21.7 - https:\/\/yoast.com\/wordpress\/plugins\/seo\/ -->\n<title>PR Manager (w\/m\/d) | HandyGames\u2122<\/title>\n<meta name=\"robots\" content=\"index, follow, max-snippet:-1, max-image-preview:large, max-video-preview:-1\" \/>\n<link rel=\"canonical\" href=\"https:\/\/www.handy-games.com\/de\/karriere\/pr-manager\/\" \/>\n<meta property=\"og:locale\" content=\"de_DE\" \/>\n<meta property=\"og:type\" content=\"article\" \/>\n<meta property=\"og:title\" content=\"PR Manager (w\/m\/d) | HandyGames\u2122\" \/>\n<meta property=\"og:url\" content=\"https:\/\/www.handy-games.com\/de\/karriere\/pr-manager\/\" \/>\n<meta property=\"og:site_name\" content=\"HandyGames\u2122\" \/>\n<meta property=\"article:publisher\" content=\"https:\/\/www.facebook.com\/handygames\/\" \/>\n<meta property=\"article:modified_time\" content=\"2022-10-14T11:25:46+00:00\" \/>\n<meta name=\"twitter:card\" content=\"summary_large_image\" \/>\n<meta name=\"twitter:site\" content=\"@handy_games\" \/>\n<meta name=\"twitter:label1\" content=\"Gesch\u00e4tzte Lesezeit\" \/>\n\t<meta name=\"twitter:data1\" content=\"3\u00a0Minuten\" \/>\n<script type=\"application\/ld+json\" class=\"yoast-schema-graph\">{\"@context\":\"https:\/\/schema.org\",\"@graph\":[{\"@type\":\"WebPage\",\"@id\":\"https:\/\/www.handy-games.com\/de\/karriere\/pr-manager\/\",\"url\":\"https:\/\/www.handy-games.com\/de\/karriere\/pr-manager\/\",\"name\":\"PR Manager (w\/m\/d) | HandyGames\u2122\",\"isPartOf\":{\"@id\":\"https:\/\/remote.handy-games.com\/en\/#website\"},\"datePublished\":\"2019-06-13T11:13:02+00:00\",\"dateModified\":\"2022-10-14T11:25:46+00:00\",\"breadcrumb\":{\"@id\":\"https:\/\/www.handy-games.com\/de\/karriere\/pr-manager\/#breadcrumb\"},\"inLanguage\":\"de\",\"potentialAction\":[{\"@type\":\"ReadAction\",\"target\":[\"https:\/\/www.handy-games.com\/de\/karriere\/pr-manager\/\"]}]},{\"@type\":\"BreadcrumbList\",\"@id\":\"https:\/\/www.handy-games.com\/de\/karriere\/pr-manager\/#breadcrumb\",\"itemListElement\":[{\"@type\":\"ListItem\",\"position\":1,\"name\":\"Home\",\"item\":\"https:\/\/remote.handy-games.com\/de\/\"},{\"@type\":\"ListItem\",\"position\":2,\"name\":\"Karriere\",\"item\":\"https:\/\/more.handy-games.com\/de\/karriere\/\"},{\"@type\":\"ListItem\",\"position\":3,\"name\":\"PR Manager (w\/m\/d)\"}]},{\"@type\":\"WebSite\",\"@id\":\"https:\/\/remote.handy-games.com\/en\/#website\",\"url\":\"https:\/\/remote.handy-games.com\/en\/\",\"name\":\"HandyGames\u2122\",\"description\":\"Free games for iPhone, iPad, Android, Windows Phone 8 and Oculus.\",\"publisher\":{\"@id\":\"https:\/\/remote.handy-games.com\/en\/#organization\"},\"potentialAction\":[{\"@type\":\"SearchAction\",\"target\":{\"@type\":\"EntryPoint\",\"urlTemplate\":\"https:\/\/remote.handy-games.com\/en\/?s={search_term_string}\"},\"query-input\":\"required name=search_term_string\"}],\"inLanguage\":\"de\"},{\"@type\":\"Organization\",\"@id\":\"https:\/\/remote.handy-games.com\/en\/#organization\",\"name\":\"HandyGames\u2122\",\"url\":\"https:\/\/remote.handy-games.com\/en\/\",\"logo\":{\"@type\":\"ImageObject\",\"inLanguage\":\"de\",\"@id\":\"https:\/\/remote.handy-games.com\/en\/#\/schema\/logo\/image\/\",\"url\":\"https:\/\/www.handy-games.com\/wp-content\/uploads\/2023\/05\/HandyGames-THQ_2022_RGB.png\",\"contentUrl\":\"https:\/\/www.handy-games.com\/wp-content\/uploads\/2023\/05\/HandyGames-THQ_2022_RGB.png\",\"width\":1800,\"height\":704,\"caption\":\"HandyGames\u2122\"},\"image\":{\"@id\":\"https:\/\/remote.handy-games.com\/en\/#\/schema\/logo\/image\/\"},\"sameAs\":[\"https:\/\/www.facebook.com\/handygames\/\",\"https:\/\/twitter.com\/handy_games\",\"https:\/\/www.instagram.com\/handygames\/\",\"https:\/\/www.youtube.com\/user\/HandyGamesGmbH\"]}]}<\/script>\n<!-- \/ Yoast SEO plugin. -->","yoast_head_json":{"title":"PR Manager (w\/m\/d) | HandyGames\u2122","robots":{"index":"index","follow":"follow","max-snippet":"max-snippet:-1","max-image-preview":"max-image-preview:large","max-video-preview":"max-video-preview:-1"},"canonical":"https:\/\/www.handy-games.com\/de\/karriere\/pr-manager\/","og_locale":"de_DE","og_type":"article","og_title":"PR Manager (w\/m\/d) | HandyGames\u2122","og_url":"https:\/\/www.handy-games.com\/de\/karriere\/pr-manager\/","og_site_name":"HandyGames\u2122","article_publisher":"https:\/\/www.facebook.com\/handygames\/","article_modified_time":"2022-10-14T11:25:46+00:00","twitter_card":"summary_large_image","twitter_site":"@handy_games","twitter_misc":{"Gesch\u00e4tzte Lesezeit":"3\u00a0Minuten"},"schema":{"@context":"https:\/\/schema.org","@graph":[{"@type":"WebPage","@id":"https:\/\/www.handy-games.com\/de\/karriere\/pr-manager\/","url":"https:\/\/www.handy-games.com\/de\/karriere\/pr-manager\/","name":"PR Manager (w\/m\/d) | HandyGames\u2122","isPartOf":{"@id":"https:\/\/remote.handy-games.com\/en\/#website"},"datePublished":"2019-06-13T11:13:02+00:00","dateModified":"2022-10-14T11:25:46+00:00","breadcrumb":{"@id":"https:\/\/www.handy-games.com\/de\/karriere\/pr-manager\/#breadcrumb"},"inLanguage":"de","potentialAction":[{"@type":"ReadAction","target":["https:\/\/www.handy-games.com\/de\/karriere\/pr-manager\/"]}]},{"@type":"BreadcrumbList","@id":"https:\/\/www.handy-games.com\/de\/karriere\/pr-manager\/#breadcrumb","itemListElement":[{"@type":"ListItem","position":1,"name":"Home","item":"https:\/\/remote.handy-games.com\/de\/"},{"@type":"ListItem","position":2,"name":"Karriere","item":"https:\/\/more.handy-games.com\/de\/karriere\/"},{"@type":"ListItem","position":3,"name":"PR Manager (w\/m\/d)"}]},{"@type":"WebSite","@id":"https:\/\/remote.handy-games.com\/en\/#website","url":"https:\/\/remote.handy-games.com\/en\/","name":"HandyGames\u2122","description":"Free games for iPhone, iPad, Android, Windows Phone 8 and Oculus.","publisher":{"@id":"https:\/\/remote.handy-games.com\/en\/#organization"},"potentialAction":[{"@type":"SearchAction","target":{"@type":"EntryPoint","urlTemplate":"https:\/\/remote.handy-games.com\/en\/?s={search_term_string}"},"query-input":"required name=search_term_string"}],"inLanguage":"de"},{"@type":"Organization","@id":"https:\/\/remote.handy-games.com\/en\/#organization","name":"HandyGames\u2122","url":"https:\/\/remote.handy-games.com\/en\/","logo":{"@type":"ImageObject","inLanguage":"de","@id":"https:\/\/remote.handy-games.com\/en\/#\/schema\/logo\/image\/","url":"https:\/\/www.handy-games.com\/wp-content\/uploads\/2023\/05\/HandyGames-THQ_2022_RGB.png","contentUrl":"https:\/\/www.handy-games.com\/wp-content\/uploads\/2023\/05\/HandyGames-THQ_2022_RGB.png","width":1800,"height":704,"caption":"HandyGames\u2122"},"image":{"@id":"https:\/\/remote.handy-games.com\/en\/#\/schema\/logo\/image\/"},"sameAs":["https:\/\/www.facebook.com\/handygames\/","https:\/\/twitter.com\/handy_games","https:\/\/www.instagram.com\/handygames\/","https:\/\/www.youtube.com\/user\/HandyGamesGmbH"]}]}},"_links":{"self":[{"href":"https:\/\/www.handy-games.com\/de\/wp-json\/wp\/v2\/pages\/55048"}],"collection":[{"href":"https:\/\/www.handy-games.com\/de\/wp-json\/wp\/v2\/pages"}],"about":[{"href":"https:\/\/www.handy-games.com\/de\/wp-json\/wp\/v2\/types\/page"}],"author":[{"embeddable":true,"href":"https:\/\/www.handy-games.com\/de\/wp-json\/wp\/v2\/users\/3"}],"replies":[{"embeddable":true,"href":"https:\/\/www.handy-games.com\/de\/wp-json\/wp\/v2\/comments?post=55048"}],"version-history":[{"count":28,"href":"https:\/\/www.handy-games.com\/de\/wp-json\/wp\/v2\/pages\/55048\/revisions"}],"predecessor-version":[{"id":61032,"href":"https:\/\/www.handy-games.com\/de\/wp-json\/wp\/v2\/pages\/55048\/revisions\/61032"}],"up":[{"embeddable":true,"href":"https:\/\/www.handy-games.com\/de\/wp-json\/wp\/v2\/pages\/57833"}],"wp:attachment":[{"href":"https:\/\/www.handy-games.com\/de\/wp-json\/wp\/v2\/media?parent=55048"}],"curies":[{"name":"wp","href":"https:\/\/api.w.org\/{rel}","templated":true}]}}